{"id":913,"date":"2015-02-26T13:05:41","date_gmt":"2015-02-26T13:05:41","guid":{"rendered":"http:\/\/www.casamuseoeduardofrei.cl\/?page_id=913"},"modified":"2018-01-18T12:29:40","modified_gmt":"2018-01-18T15:29:40","slug":"1996-2","status":"publish","type":"page","link":"https:\/\/www.casamuseoeduardofrei.cl\/en\/casa-museo\/historia-del-proyecto\/1996-2\/","title":{"rendered":"1996"},"content":{"rendered":"<p>JULY, 1996<\/p>\n<p>At the request of the Frei Foundation, the museologists Consuelo Vald\u00e9s Ch. and H\u00e9rnan Rodr\u00edguez V. develop and deliver a general proposal for the creation of Casa Museo Eduardo Frei Montalva. Its mission would be to make known \u00a0the personality, lifestyle and political career of the former President from the conservation and the appraisal of its house, located at 683 Hindenburg street Providencia district (Santiago, Chile), with all the authentic testimonies of his public and familiar life .<\/p>","protected":false},"excerpt":{"rendered":"<p>JULY, 1996 At the request of the Frei Foundation, the museologists Consuelo Vald\u00e9s Ch. and H\u00e9rnan Rodr\u00edguez V. develop and deliver a general proposal for the creation of Casa Museo Eduardo Frei Montalva. Its mission would be to make known \u00a0the personality, lifestyle and political career of the former President from the conservation and the [&hellip;]<\/p>\n","protected":false},"author":4,"featured_media":0,"parent":27,"menu_order":0,"comment_status":"open","ping_status":"open","template":"page-anyos.php","meta":{"_acf_changed":false,"footnotes":""},"class_list":["post-913","page","type-page","status-publish","hentry"],"acf":[],"_links":{"self":[{"href":"https:\/\/www.casamuseoeduardofrei.cl\/en\/wp-json\/wp\/v2\/pages\/913","targetHints":{"allow":["GET"]}}],"collection":[{"href":"https:\/\/www.casamuseoeduardofrei.cl\/en\/wp-json\/wp\/v2\/pages"}],"about":[{"href":"https:\/\/www.casamuseoeduardofrei.cl\/en\/wp-json\/wp\/v2\/types\/page"}],"author":[{"embeddable":true,"href":"https:\/\/www.casamuseoeduardofrei.cl\/en\/wp-json\/wp\/v2\/users\/4"}],"replies":[{"embeddable":true,"href":"https:\/\/www.casamuseoeduardofrei.cl\/en\/wp-json\/wp\/v2\/comments?post=913"}],"version-history":[{"count":1,"href":"https:\/\/www.casamuseoeduardofrei.cl\/en\/wp-json\/wp\/v2\/pages\/913\/revisions"}],"predecessor-version":[{"id":12396,"href":"https:\/\/www.casamuseoeduardofrei.cl\/en\/wp-json\/wp\/v2\/pages\/913\/revisions\/12396"}],"up":[{"embeddable":true,"href":"https:\/\/www.casamuseoeduardofrei.cl\/en\/wp-json\/wp\/v2\/pages\/27"}],"wp:attachment":[{"href":"https:\/\/www.casamuseoeduardofrei.cl\/en\/wp-json\/wp\/v2\/media?parent=913"}],"curies":[{"name":"wp","href":"https:\/\/api.w.org\/{rel}","templated":true}]}}