{"id":49,"date":"2015-02-18T15:29:42","date_gmt":"2015-02-18T15:29:42","guid":{"rendered":"http:\/\/www.casamuseoeduardofrei.cl\/?page_id=49"},"modified":"2016-04-18T10:52:22","modified_gmt":"2016-04-18T13:52:22","slug":"fotografico","status":"publish","type":"page","link":"https:\/\/www.casamuseoeduardofrei.cl\/en\/archivos\/fotografico\/","title":{"rendered":"Photographic"},"content":{"rendered":"<div class=\"ezcol ezcol-one-half\">\n<h3>Buenas pr\u00e1cticas y consulta<\/h3>\n<p>El Archivo Fotogr\u00e1fico Frei Montalva tiene como objetivo conservar, preservar y difundir el amplio registro visual de la vida p\u00fablica y familiar de Eduardo Frei Montalva. Las fotograf\u00edas pertenecientes al Archivo Fotogr\u00e1fico tienen su origen tanto en registros privados y familiares como de sus m\u00faltiples actividades p\u00fablicas a lo largo de su vida (1911-1982). Tras la fecha de su muerte la Fundaci\u00f3n Frei contin\u00faa recibiendo registros de las m\u00faltiples actividades hasta el a\u00f1o 2008, fecha de creaci\u00f3n y apertura de Casa Museo Eduardo Frei Montalva, lugar en donde se encuentran resguardados a partir de entonces.<\/p>\n<p>Actualmente el Archivo Fotogr\u00e1fico cuenta con 128 im\u00e1genes disponibles en el sitio web, en constante incremento, en las que podr\u00e1 encontrar los siguientes temas:<\/p>\n<ul>\n<li>Vida P\u00fablica (Pre-presidencia, Presidencia, Post-presidencia)<\/li>\n<li>Vida Familiar<\/li>\n<li>Retratos<\/li>\n<\/ul>\n<h3>Condiciones de Uso<\/h3>\n<p><strong>Im\u00e1genes para usos educativos, acad\u00e9micos y presentaciones no comerciales.<\/strong><\/p>\n<p>Las im\u00e1genes disponibles en la web se encuentran disponibles para descarga directa con fines de usos educativos y acad\u00e9micos (estudiantes y docentes) y presentaciones no comerciales, con la sola condici\u00f3n de incluir cr\u00e9dito a Casa Museo Eduardo Frei Montalva.<\/p>\n<p>Estas fotograf\u00edas se encuentran disponibles en 72dpi en formato JPG.<\/p>\n<p><strong>Im\u00e1genes para usos profesionales<\/strong><\/p>\n<p>Las im\u00e1genes tambi\u00e9n se encuentran disponibles en alta resoluci\u00f3n para usos profesionales: periodistas, acad\u00e9micos, investigadores, instituciones educativas. Asimismo las im\u00e1genes pueden ser utilizadas en publicaciones, exhibiciones, CD-ROMs y DVD-ROMs, formatos multimedia, broadcasting e Internet dentro de un contexto editorial.<\/p>\n<p>Para obtener im\u00e1genes en alta resoluci\u00f3n puede contactarse a trav\u00e9s del correo <a href=\"mailto:contacto@casamuseoeduardofrei.cl\">contacto@casamuseoeduardofrei.cl<\/a> especificando:<\/p>\n<ul>\n<li>intenci\u00f3n de uso de las im\u00e1genes de modo amplio y correcto.<\/li>\n<li>el n\u00famero de identificaci\u00f3n de las im\u00e1genes.<\/li>\n<\/ul>\n<p>En respuesta recibir\u00e1 un correo electr\u00f3nico con la \u201cAutorizaci\u00f3n de Uso\u201d correspondiente de acuerdo a las im\u00e1genes solicitadas, en las que se estipular\u00e1 tambi\u00e9n las condiciones de despacho de las mismas.<\/p>\n<\/div> <div class=\"ezcol ezcol-one-half ezcol-last\">\n<h3>Copyright<\/h3>\n<p>Todas las im\u00e1genes del Archivo Fotogr\u00e1fico de Casa Museo Eduardo Frei Montalva est\u00e1n protegidas por la Ley de Propiedad intelectual. En toda publicaci\u00f3n debe publicarse como cr\u00e9dito: \u201cFotograf\u00eda Gentileza de CMEFM\u201d.<\/p>\n<p><strong>Derechos y restricciones<\/strong><\/p>\n<p>Tanto para las im\u00e1genes en usos educativos, acad\u00e9micos y presentaciones no comerciales como para las im\u00e1genes en usos profesionales, el usuario recibe derecho de uso personal, sin exclusividad, sobre las im\u00e1genes que solicita, limitado a las condiciones que declaradas en cada caso.<\/p>\n<p><strong><em>Las im\u00e1genes no podr\u00e1n:<\/em><\/strong><\/p>\n<ul>\n<li>Ser usadas en publicidad u otros usos comerciales.<\/li>\n<li>Ser transferidas, arrendadas, ni distribuidas por cualquier medio.<\/li>\n<li>Ser usadas con un prop\u00f3sito distinto al expresado en la solicitud.<\/li>\n<\/ul>\n<p>CMEFM se reserva el derecho a denegar el acceso al Archivo Fotogr\u00e1fico y al uso de sus im\u00e1genes, en tal caso todos los respaldos digitales y fotos descargadas, en posesi\u00f3n del usuario, deber\u00e1n ser borradas as\u00ed como las fotos en uso removidas de toda publicaci\u00f3n.<\/p>\n<p><strong>Uso responsable de las im\u00e1genes del Archivo<\/strong><br \/>\nLas im\u00e1genes no podr\u00e1n ser usadas para un prop\u00f3sito que se perciba como ofensivo, perjudicial o difamatorio de quienes aparecen en las im\u00e1genes, respetando su valor documental, social e hist\u00f3rico.<\/p>\n<\/div><div class=\"ezcol-divider\"><\/div><\/p>\n","protected":false},"excerpt":{"rendered":"","protected":false},"author":4,"featured_media":0,"parent":46,"menu_order":2,"comment_status":"open","ping_status":"open","template":"page-fotografico.php","meta":{"_acf_changed":false,"footnotes":""},"class_list":["post-49","page","type-page","status-publish","hentry"],"acf":[],"_links":{"self":[{"href":"https:\/\/www.casamuseoeduardofrei.cl\/en\/wp-json\/wp\/v2\/pages\/49","targetHints":{"allow":["GET"]}}],"collection":[{"href":"https:\/\/www.casamuseoeduardofrei.cl\/en\/wp-json\/wp\/v2\/pages"}],"about":[{"href":"https:\/\/www.casamuseoeduardofrei.cl\/en\/wp-json\/wp\/v2\/types\/page"}],"author":[{"embeddable":true,"href":"https:\/\/www.casamuseoeduardofrei.cl\/en\/wp-json\/wp\/v2\/users\/4"}],"replies":[{"embeddable":true,"href":"https:\/\/www.casamuseoeduardofrei.cl\/en\/wp-json\/wp\/v2\/comments?post=49"}],"version-history":[{"count":0,"href":"https:\/\/www.casamuseoeduardofrei.cl\/en\/wp-json\/wp\/v2\/pages\/49\/revisions"}],"up":[{"embeddable":true,"href":"https:\/\/www.casamuseoeduardofrei.cl\/en\/wp-json\/wp\/v2\/pages\/46"}],"wp:attachment":[{"href":"https:\/\/www.casamuseoeduardofrei.cl\/en\/wp-json\/wp\/v2\/media?parent=49"}],"curies":[{"name":"wp","href":"https:\/\/api.w.org\/{rel}","templated":true}]}}