{"id":42,"date":"2015-01-13T19:06:34","date_gmt":"2015-01-13T19:06:34","guid":{"rendered":"http:\/\/www.casamuseoeduardofrei.cl\/?page_id=42"},"modified":"2015-03-16T14:37:17","modified_gmt":"2015-03-16T17:37:17","slug":"numismatica","status":"publish","type":"page","link":"https:\/\/www.casamuseoeduardofrei.cl\/en\/coleccion\/numismatica\/","title":{"rendered":"Numism\u00e1tica"},"content":{"rendered":"<p>Dentro de la colecci\u00f3n de Casa Museo Eduardo Frei Montalva, se encuentra una serie de monedas y medallas conmemorativas, realizadas tanto en Chile como en el extranjero. De este modo, se encuentran ejemplares de la medalla Primer Gobierno Dem\u00f3crata Cristiano (1964 \u2013 1970), Medalla de la visita a Chile de su Majestad Isabel II de Gran Breta\u00f1a (1968), y otras provenientes de Argentina, Per\u00fa, Brasil, Panam\u00e1, Colombia, Venezuela, Nicaragua, M\u00e9xico, Italia, Francia, el Estado Vaticano, B\u00e9lgica, Alemania y Noruega, entre otras.<\/p>\n","protected":false},"excerpt":{"rendered":"<p>Dentro de la colecci\u00f3n de Casa Museo Eduardo Frei Montalva, se encuentra una serie de monedas y medallas conmemorativas, realizadas tanto en Chile como en el extranjero. De este modo, se encuentran ejemplares de la medalla Primer Gobierno Dem\u00f3crata Cristiano (1964 \u2013 1970), Medalla de la visita a Chile de su Majestad Isabel II de [&hellip;]<\/p>\n","protected":false},"author":4,"featured_media":0,"parent":36,"menu_order":5,"comment_status":"open","ping_status":"open","template":"page-coleccioninmobiliario.php","meta":{"_acf_changed":false,"footnotes":""},"class_list":["post-42","page","type-page","status-publish","hentry"],"acf":[],"_links":{"self":[{"href":"https:\/\/www.casamuseoeduardofrei.cl\/en\/wp-json\/wp\/v2\/pages\/42","targetHints":{"allow":["GET"]}}],"collection":[{"href":"https:\/\/www.casamuseoeduardofrei.cl\/en\/wp-json\/wp\/v2\/pages"}],"about":[{"href":"https:\/\/www.casamuseoeduardofrei.cl\/en\/wp-json\/wp\/v2\/types\/page"}],"author":[{"embeddable":true,"href":"https:\/\/www.casamuseoeduardofrei.cl\/en\/wp-json\/wp\/v2\/users\/4"}],"replies":[{"embeddable":true,"href":"https:\/\/www.casamuseoeduardofrei.cl\/en\/wp-json\/wp\/v2\/comments?post=42"}],"version-history":[{"count":0,"href":"https:\/\/www.casamuseoeduardofrei.cl\/en\/wp-json\/wp\/v2\/pages\/42\/revisions"}],"up":[{"embeddable":true,"href":"https:\/\/www.casamuseoeduardofrei.cl\/en\/wp-json\/wp\/v2\/pages\/36"}],"wp:attachment":[{"href":"https:\/\/www.casamuseoeduardofrei.cl\/en\/wp-json\/wp\/v2\/media?parent=42"}],"curies":[{"name":"wp","href":"https:\/\/api.w.org\/{rel}","templated":true}]}}