{"id":39,"date":"2015-01-13T19:06:34","date_gmt":"2015-01-13T19:06:34","guid":{"rendered":"http:\/\/www.casamuseoeduardofrei.cl\/?page_id=39"},"modified":"2018-01-11T11:38:02","modified_gmt":"2018-01-11T14:38:02","slug":"coleccion-de-pinturas","status":"publish","type":"page","link":"https:\/\/www.casamuseoeduardofrei.cl\/en\/coleccion\/coleccion-de-pinturas\/","title":{"rendered":"Colecci\u00f3n de pintura"},"content":{"rendered":"<p>La Colecci\u00f3n de Pintura de la Casa Museo Eduardo Frei Montalva, es una de las colecciones privadas m\u00e1s interesantes que existen en el pa\u00eds y que se encuentra abierta al p\u00fablico, no solo porque fue reunida por uno de los pol\u00edticos e intelectuales m\u00e1s importantes del siglo XX, sino porque ofrece un contexto completamente diferente al de un museo o galer\u00eda de arte para poder apreciar las obras en el interior de un hogar que conserva intacto el estilo de vida del Chile de los \u201960. La Colecci\u00f3n se destaca por concentrar en un s\u00f3lo lugar obras de los Maestros de la Pintura Chilena, y que en su conjunto muestra de la evoluci\u00f3n del g\u00e9nero del paisaje en la pintura nacional, desde Ernesto Charton de Treville a Arturo Gordon, junto con algunas piezas de dos importantes artistas latinoamericanos como el ecuatoriano Oswaldo Guayasam\u00edn y el chileno Nemesio Ant\u00fanez.<\/p>\n<p><a class=\"botonPDF\" href=\"http:\/\/www.casamuseoeduardofrei.cl\/wp-content\/uploads\/2015\/01\/coleccion-pintura-casa-museo-eduardo-frei-montalva.pdf\">Descargar resumen de la colecci\u00f3n de pintura (PDF)<\/a><\/p>","protected":false},"excerpt":{"rendered":"<p>La Colecci\u00f3n de Pintura de la Casa Museo Eduardo Frei Montalva, es una de las colecciones privadas m\u00e1s interesantes que existen en el pa\u00eds y que se encuentra abierta al p\u00fablico, no solo porque fue reunida por uno de los pol\u00edticos e intelectuales m\u00e1s importantes del siglo XX, sino porque ofrece un contexto completamente diferente [&hellip;]<\/p>\n","protected":false},"author":4,"featured_media":0,"parent":36,"menu_order":2,"comment_status":"open","ping_status":"open","template":"page-coleccioninmobiliario.php","meta":{"_acf_changed":false,"footnotes":""},"class_list":["post-39","page","type-page","status-publish","hentry"],"acf":[],"_links":{"self":[{"href":"https:\/\/www.casamuseoeduardofrei.cl\/en\/wp-json\/wp\/v2\/pages\/39","targetHints":{"allow":["GET"]}}],"collection":[{"href":"https:\/\/www.casamuseoeduardofrei.cl\/en\/wp-json\/wp\/v2\/pages"}],"about":[{"href":"https:\/\/www.casamuseoeduardofrei.cl\/en\/wp-json\/wp\/v2\/types\/page"}],"author":[{"embeddable":true,"href":"https:\/\/www.casamuseoeduardofrei.cl\/en\/wp-json\/wp\/v2\/users\/4"}],"replies":[{"embeddable":true,"href":"https:\/\/www.casamuseoeduardofrei.cl\/en\/wp-json\/wp\/v2\/comments?post=39"}],"version-history":[{"count":2,"href":"https:\/\/www.casamuseoeduardofrei.cl\/en\/wp-json\/wp\/v2\/pages\/39\/revisions"}],"predecessor-version":[{"id":12374,"href":"https:\/\/www.casamuseoeduardofrei.cl\/en\/wp-json\/wp\/v2\/pages\/39\/revisions\/12374"}],"up":[{"embeddable":true,"href":"https:\/\/www.casamuseoeduardofrei.cl\/en\/wp-json\/wp\/v2\/pages\/36"}],"wp:attachment":[{"href":"https:\/\/www.casamuseoeduardofrei.cl\/en\/wp-json\/wp\/v2\/media?parent=39"}],"curies":[{"name":"wp","href":"https:\/\/api.w.org\/{rel}","templated":true}]}}