{"id":33,"date":"2015-01-13T19:05:53","date_gmt":"2015-01-13T19:05:53","guid":{"rendered":"http:\/\/www.casamuseoeduardofrei.cl\/?page_id=33"},"modified":"2018-04-26T11:16:18","modified_gmt":"2018-04-26T14:16:18","slug":"biografia","status":"publish","type":"page","link":"https:\/\/www.casamuseoeduardofrei.cl\/en\/eduardo-frei-montalva\/biografia\/","title":{"rendered":"Biography"},"content":{"rendered":"<p><div class=\"ezcol ezcol-one-third\">\n<div id=\"attachment_1577\" style=\"width: 240px\" class=\"wp-caption aligncenter\"><img loading=\"lazy\" decoding=\"async\" aria-describedby=\"caption-attachment-1577\" class=\"wp-image-1577 size-full\" src=\"http:\/\/www.casamuseoeduardofrei.cl\/wp-content\/uploads\/2015\/01\/efrei-infancia.jpg\" alt=\"efrei-infancia\" width=\"230\" height=\"350\" srcset=\"https:\/\/www.casamuseoeduardofrei.cl\/wp-content\/uploads\/2015\/01\/efrei-infancia.jpg 230w, https:\/\/www.casamuseoeduardofrei.cl\/wp-content\/uploads\/2015\/01\/efrei-infancia-197x300.jpg 197w\" sizes=\"auto, (max-width: 230px) 100vw, 230px\" \/><p id=\"caption-attachment-1577\" class=\"wp-caption-text\">Eduardo Frei Montalva con sus padres, Eduardo Frei Schlinz y Victoria Montalva. 1911.<\/p><\/div>\n<p style=\"text-align: justify;\">Born on January 16th, 1911, Santiago, Eduardo Nicanor Frei Montalva was the son of Eduardo Frei Schlinz, and Victoria Montalva Mart\u00ednez.<\/p>\n<p style=\"text-align: justify;\">In 1914, his family moved to Lontu\u00e9, where his father had been contracted as an accountant in a vineyard. In addition, his other two siblings, Arturo and Irene, were born. He attended the Escuela P\u00fablica de Lontu\u00e9 (Public School of Lontu\u00e9).<\/p>\n<p style=\"text-align: justify;\">In 1919 the family returned to Santiago and Eduardo, as a young man, entered the boarding School Seminario Conciliar de Santiago where he remained until 1922.<\/p>\n<p style=\"text-align: justify;\">In 1923, he entered Luis Campino Institute, where he graduated in 1928, at the age of 17.<\/p>\n<p style=\"text-align: justify;\">As an 18 years old, he entered Universidad Cat\u00f3lica School of Law in 1929. By that time, the family lived in Jofr\u00e9 Street, located between Lira and Carmen Streets. For two years, he had been visiting Mar\u00eda, the sister of his friend, Alfredo Ruiz-Tagle.<\/p>\n<p style=\"text-align: justify;\">He entered Asociaci\u00f3n Nacional de Estudiantes Cat\u00f3licos, (National Association of Catholic Students) where Oscar Larson stood as chaplain. In 1930, the magazine of catholic students (REG, in Spanish) was brought out. Eduardo Frei Motalva\u2019s first article was published in the magazine\u2019s second issue.<\/p>\n<p style=\"text-align: justify;\">Apart from collaborating on the magazine, Eduardo Frei Montalva taught evening classes after his study hours at the university.<\/p>\n<p style=\"text-align: justify;\">In 1931 he was appointed General Secretary of the Acci\u00f3n Cat\u00f3lica and as master of ceremonies for the first Semana Social de Chile. At the age of 20, he lectured at his first conference on The Christian Social Doctrine.In the political scene at that time, the Presidency of Carlos Ib\u00e1\u00f1ez del Campo collapsed in June 1931. Subsequently, Juan Esteban Montero was elected President, in December of the same year.<\/p>\n<p style=\"text-align: justify;\">The collapse of Montero\u2019s government was followed by the brief Socialist Republic of Marmaduke Grove, 1932, and finally with the return of stability and of legitimacy with President Arturo Alessandri Palma.<br \/>\n<\/div><\/p>\n<div class=\"ezcol ezcol-one-third\">\n<div id=\"attachment_823\" style=\"width: 240px\" class=\"wp-caption aligncenter\"><img loading=\"lazy\" decoding=\"async\" aria-describedby=\"caption-attachment-823\" class=\"wp-image-823 size-full\" src=\"http:\/\/www.casamuseoeduardofrei.cl\/wp-content\/uploads\/2015\/02\/biografia1-2.jpg\" alt=\"Eduardo Frei Montalva y Mar\u00eda Ruiz-Tagle\" width=\"230\" height=\"350\" srcset=\"https:\/\/www.casamuseoeduardofrei.cl\/wp-content\/uploads\/2015\/02\/biografia1-2.jpg 230w, https:\/\/www.casamuseoeduardofrei.cl\/wp-content\/uploads\/2015\/02\/biografia1-2-197x300.jpg 197w\" sizes=\"auto, (max-width: 230px) 100vw, 230px\" \/><p id=\"caption-attachment-823\" class=\"wp-caption-text\">Matrimonio de Eduardo Frei Montalva y Mar\u00eda Ruiz &#8211; Tagle. 27 de abril de 1935.<\/p><\/div>\n<p style=\"text-align: justify;\">In 1933 he finished his Law studies with his thesis \u201cThe Salary-based Regime and its Possible Abolition\u201d. He received his law degree on October 27th, 1933. Furthermore, the University\u2019s Superior Council decided by unanimous consent to award him the Gran Premio de Honor. Later, he was appointed assistant professor in the subjects of Political Economy, and also he was an associate professor of Labor Law.<\/p>\n<p style=\"text-align: justify;\">Frei traveled to Rome to attend the Congreso Iberoamericano de la Juventud Universitaria Cat\u00f3lica (spanish-speaking congress of young catholics from universities), of which he was appointed General Secretary. There, he met Giovanni Papini and visited other cities in the country.<\/p>\n<p style=\"text-align: justify;\">Then, he visited Spain where he meets Gil Robles and the Nobel Prize winning poetess Gabriela Mistral. Afterwards, he moved to France, and attended conferences, in Paris, of which Jacques Maritain was a participant.<\/p>\n<p style=\"text-align: justify;\">In mid-1934, Eduardo Frei Montalva returned to Chile, entered the Juventud Conservadora (Conservative Youth) and wrote for \u201cEl Diario Ilustrado\u201d newspaper. In the same year, he was appointed chief editor of the \u201cDiario El Tarapac\u00e1\u201d newspaper in Iquique, where he stayed until 1937.In April, 1935, he married Mar\u00eda Ruiz-Tagle Jim\u00e9nez in the Capilla del Instituto de Humanidades.<\/p>\n<p style=\"text-align: justify;\">The same year, between October 11th and 13th, the Falange Nacional was born out of a gathering by the Juventud Conservadora in Teatro Princesa.<\/p>\n<p style=\"text-align: justify;\">In 1937, he stood as a candidate for Representative to the Parliament in Tarapac\u00e1 province. He was defeated. On his return to Santiago, he published his first book \u201cChile Desconocido\u201d (\u201cThe Unknown Chile\u201d). He became a member of the Board of Directors of the Conservative Party. Before the 1938 presidential elections, the Falange Nacional Party gave freedom of action to its members, which led to its dissociation from the Conservative Party, and therefore, its rise as an independent party.<\/p>\n<p style=\"text-align: justify;\">In 1940 he was elected president of the Party, a position he mantained until 1946.<\/p>\n<p style=\"text-align: justify;\">He published one of his fundamental books \u201cLa Pol\u00edtica y el Esp\u00edritu\u201d (\u201cPolitics and Spirit\u201d).<\/p>\n<\/div>\n<div class=\"ezcol ezcol-one-third ezcol-last\">\n<div id=\"attachment_1578\" style=\"width: 240px\" class=\"wp-caption aligncenter\"><img loading=\"lazy\" decoding=\"async\" aria-describedby=\"caption-attachment-1578\" class=\"wp-image-1578 size-full\" src=\"http:\/\/www.casamuseoeduardofrei.cl\/wp-content\/uploads\/2015\/01\/efrei-ministro.jpg\" alt=\"efrei-ministro\" width=\"230\" height=\"350\" srcset=\"https:\/\/www.casamuseoeduardofrei.cl\/wp-content\/uploads\/2015\/01\/efrei-ministro.jpg 230w, https:\/\/www.casamuseoeduardofrei.cl\/wp-content\/uploads\/2015\/01\/efrei-ministro-197x300.jpg 197w\" sizes=\"auto, (max-width: 230px) 100vw, 230px\" \/><p id=\"caption-attachment-1578\" class=\"wp-caption-text\">Eduardo Eduardo Frei Montalva, Ministro de Obras P\u00fablicas 1947<\/p><\/div>\n<p style=\"text-align: justify;\">In 1942, his third book \u201cA\u00fan Es Tiempo\u201d (\u201cIt Is Still Time\u201d) was published. He continued in his position as assistant professor of Labor Law at the Universidad Cat\u00f3lica Law School.<\/p>\n<p style=\"text-align: justify;\">In 1945, he was named Minister of Public Works and Communication Routes by President Juan Antonio R\u00edos, at the age of 34. In early 1946, he left his position as political events resulted in the deaths of three laborers.<\/p>\n<p style=\"text-align: justify;\">In 1947, the First World Christian Democrat Party Meeting gave its support to the Falange Nacional Political Party. In December, Frei summoned an Extraordinary National Congress strengthening the existence of the party with the participation of Monsignor Manuel Larra\u00edn Err\u00e1zuriz.<\/p>\n<p style=\"text-align: justify;\">In 1949, Frei was elected Senator for Atacama and Coquimbo. He published his latest book \u201cHistoria de los Partidos Pol\u00edticos Chilenos\u201d (\u201cHistory of Chilean Political Parties\u201d) in colaboration with Albert Edwards Vives. In 1950, he traveled to New York as a UN delegate. In 1952, at 41 years of age, Frei Montalva announced his candidacy in the presidential elections.Carlos Iba\u00f1ez del Campo was elected President. Later, he would request Frei to organize an executive committee. However, this never came to be. In 1954, the UN appointed him President of the Commission in charge of elaborating the report of the Conference of Chancellors held in Rio de Janeiro. Some of its members were: Carlos Lleras Restrepo, former President of Colombia, and Ra\u00fal Prenisch director of ECLAC. The report served as a basis for subsequent studies on economic development and the integration of Latin America.<\/p>\n<p style=\"text-align: justify;\">In 1956 he was elected Senator in Santiago by first majority.On July 27th, 1957, the Falange Nacional becomes the Democratic Christian Party. Eduardo Frei Montalva was offered the candidacy for president of the Republic in the 1958 elections. Jorge Alessandri Rodr\u00edguez was elected president while Eduardo Frei Montalva took third place.<br \/>\n<\/div><div class=\"ezcol-divider\"><\/div>\n<p><\/p>","protected":false},"excerpt":{"rendered":"","protected":false},"author":4,"featured_media":0,"parent":31,"menu_order":1,"comment_status":"open","ping_status":"open","template":"page-biografia.php","meta":{"_acf_changed":false,"footnotes":""},"class_list":["post-33","page","type-page","status-publish","hentry"],"acf":[],"_links":{"self":[{"href":"https:\/\/www.casamuseoeduardofrei.cl\/en\/wp-json\/wp\/v2\/pages\/33","targetHints":{"allow":["GET"]}}],"collection":[{"href":"https:\/\/www.casamuseoeduardofrei.cl\/en\/wp-json\/wp\/v2\/pages"}],"about":[{"href":"https:\/\/www.casamuseoeduardofrei.cl\/en\/wp-json\/wp\/v2\/types\/page"}],"author":[{"embeddable":true,"href":"https:\/\/www.casamuseoeduardofrei.cl\/en\/wp-json\/wp\/v2\/users\/4"}],"replies":[{"embeddable":true,"href":"https:\/\/www.casamuseoeduardofrei.cl\/en\/wp-json\/wp\/v2\/comments?post=33"}],"version-history":[{"count":3,"href":"https:\/\/www.casamuseoeduardofrei.cl\/en\/wp-json\/wp\/v2\/pages\/33\/revisions"}],"predecessor-version":[{"id":12812,"href":"https:\/\/www.casamuseoeduardofrei.cl\/en\/wp-json\/wp\/v2\/pages\/33\/revisions\/12812"}],"up":[{"embeddable":true,"href":"https:\/\/www.casamuseoeduardofrei.cl\/en\/wp-json\/wp\/v2\/pages\/31"}],"wp:attachment":[{"href":"https:\/\/www.casamuseoeduardofrei.cl\/en\/wp-json\/wp\/v2\/media?parent=33"}],"curies":[{"name":"wp","href":"https:\/\/api.w.org\/{rel}","templated":true}]}}