{"id":129,"date":"2015-01-28T15:12:47","date_gmt":"2015-01-28T15:12:47","guid":{"rendered":"http:\/\/www.casamuseoeduardofrei.cl\/eduardo-frei-montalva\/documentos\/libros\/"},"modified":"2018-07-04T14:20:34","modified_gmt":"2018-07-04T17:20:34","slug":"libros","status":"publish","type":"page","link":"https:\/\/www.casamuseoeduardofrei.cl\/en\/eduardo-frei-montalva\/documentos\/libros\/","title":{"rendered":"Libros"},"content":{"rendered":"<p><div class=\"ezcol ezcol-one-half\"><strong>Condiciones de Uso<\/strong><\/p>\n<p><strong>Documentos para usos educativos, acad\u00e9micos y presentaciones no comerciales.<\/strong><\/p>\n<p>Los documentos se encuentran disponibles para descarga directa con fines de usos educativos y acad\u00e9micos (estudiantes y docentes) y presentaciones no comerciales, con la sola condici\u00f3n de incluir como cr\u00e9dito: \u201cDocumento Gentileza de CMEFM\u201d.<\/p>\n<p>Los documentos se encuentran disponibles en formato PDF.<\/p>\n<p><strong><\/div><div class=\"ezcol ezcol-one-half ezcol-last\">Copyright<br \/>\n<\/strong>Todos los documentos disponibles en el sitio web de Casa Museo Eduardo Frei Montalva est\u00e1n protegidos por la Ley de Propiedad intelectual.<\/p>\n<p><strong>Documentos para usos profesionales<\/strong><\/p>\n<p>Para m\u00e1s informaci\u00f3n puede contactarse a trav\u00e9s del correo <a href=\"mailto:contacto@casamuseoeduardofrei.cl\">contacto@casamuseoeduardofrei.cl<\/a> especificando:<\/p>\n<ul>\n<li>Intenci\u00f3n de uso de las im\u00e1genes de modo amplio y correcto.<\/li>\n<li>El n\u00famero de identificaci\u00f3n de las im\u00e1genes.<\/li>\n<\/ul>\n<\/div><div class=\"ezcol-divider\"><\/div><\/p>\n<p>\n\t\t<style type=\"text\/css\">\n\t\t\t#gallery-2 {\n\t\t\t\tmargin: auto;\n\t\t\t}\n\t\t\t#gallery-2 .gallery-item {\n\t\t\t\tfloat: left;\n\t\t\t\tmargin-top: 10px;\n\t\t\t\ttext-align: center;\n\t\t\t\twidth: 25%;\n\t\t\t}\n\t\t\t#gallery-2 img {\n\t\t\t\tborder: 2px solid #cfcfcf;\n\t\t\t}\n\t\t\t#gallery-2 .gallery-caption {\n\t\t\t\tmargin-left: 0;\n\t\t\t}\n\t\t\t\/* see gallery_shortcode() in wp-includes\/media.php *\/\n\t\t<\/style>\n\t\t<div id='gallery-2' class='gallery galleryid-129 gallery-columns-4 gallery-size-thumbnail'><dl class='gallery-item'>\n\t\t\t<dt class='gallery-icon landscape'>\n\t\t\t\t<a href='https:\/\/www.casamuseoeduardofrei.cl\/wp-content\/uploads\/2015\/01\/libro6.jpg' title=\"\" data-rl_title=\"\" class=\"rl-gallery-link\" data-rl_caption=\"\" data-rel=\"lightbox-gallery-2\"><img loading=\"lazy\" decoding=\"async\" width=\"150\" height=\"150\" src=\"https:\/\/www.casamuseoeduardofrei.cl\/wp-content\/uploads\/2015\/01\/libro6-150x150.jpg\" class=\"attachment-thumbnail size-thumbnail\" alt=\"\" aria-describedby=\"gallery-2-1100\" srcset=\"https:\/\/www.casamuseoeduardofrei.cl\/wp-content\/uploads\/2015\/01\/libro6-150x150.jpg 150w, https:\/\/www.casamuseoeduardofrei.cl\/wp-content\/uploads\/2015\/01\/libro6-300x300.jpg 300w, https:\/\/www.casamuseoeduardofrei.cl\/wp-content\/uploads\/2015\/01\/libro6.jpg 1024w\" sizes=\"auto, (max-width: 150px) 100vw, 150px\" \/><\/a>\n\t\t\t<\/dt>\n\t\t\t\t<dd class='wp-caption-text gallery-caption' id='gallery-2-1100'>\n\t\t\t\tMemoria de Licenciatura: \u201cEl r\u00e9gimen del salariado y su posible abolici\u00f3n\u201d. 1933.\n\t\t\t\t<\/dd><\/dl><dl class='gallery-item'>\n\t\t\t<dt class='gallery-icon landscape'>\n\t\t\t\t<a href='https:\/\/www.casamuseoeduardofrei.cl\/wp-content\/uploads\/2015\/01\/libro-chile-desconocido.jpg' title=\"\" data-rl_title=\"\" class=\"rl-gallery-link\" data-rl_caption=\"\" data-rel=\"lightbox-gallery-2\"><img loading=\"lazy\" decoding=\"async\" width=\"150\" height=\"150\" src=\"https:\/\/www.casamuseoeduardofrei.cl\/wp-content\/uploads\/2015\/01\/libro-chile-desconocido-150x150.jpg\" class=\"attachment-thumbnail size-thumbnail\" alt=\"\" aria-describedby=\"gallery-2-10018\" srcset=\"https:\/\/www.casamuseoeduardofrei.cl\/wp-content\/uploads\/2015\/01\/libro-chile-desconocido-150x150.jpg 150w, https:\/\/www.casamuseoeduardofrei.cl\/wp-content\/uploads\/2015\/01\/libro-chile-desconocido-300x300.jpg 300w, https:\/\/www.casamuseoeduardofrei.cl\/wp-content\/uploads\/2015\/01\/libro-chile-desconocido.jpg 1024w, https:\/\/www.casamuseoeduardofrei.cl\/wp-content\/uploads\/2015\/01\/libro-chile-desconocido-250x250.jpg 250w\" sizes=\"auto, (max-width: 150px) 100vw, 150px\" \/><\/a>\n\t\t\t<\/dt>\n\t\t\t\t<dd class='wp-caption-text gallery-caption' id='gallery-2-10018'>\n\t\t\t\t&#8220;Chile Desconocido&#8221;. 1937. Re edici\u00f3n 2010.\n\t\t\t\t<\/dd><\/dl><dl class='gallery-item'>\n\t\t\t<dt class='gallery-icon landscape'>\n\t\t\t\t<a href='https:\/\/www.casamuseoeduardofrei.cl\/wp-content\/uploads\/2015\/01\/libro9.jpg' title=\"\" data-rl_title=\"\" class=\"rl-gallery-link\" data-rl_caption=\"\" data-rel=\"lightbox-gallery-2\"><img loading=\"lazy\" decoding=\"async\" width=\"150\" height=\"150\" src=\"https:\/\/www.casamuseoeduardofrei.cl\/wp-content\/uploads\/2015\/01\/libro9-150x150.jpg\" class=\"attachment-thumbnail size-thumbnail\" alt=\"\" aria-describedby=\"gallery-2-1103\" srcset=\"https:\/\/www.casamuseoeduardofrei.cl\/wp-content\/uploads\/2015\/01\/libro9-150x150.jpg 150w, https:\/\/www.casamuseoeduardofrei.cl\/wp-content\/uploads\/2015\/01\/libro9-300x300.jpg 300w, https:\/\/www.casamuseoeduardofrei.cl\/wp-content\/uploads\/2015\/01\/libro9.jpg 1024w\" sizes=\"auto, (max-width: 150px) 100vw, 150px\" \/><\/a>\n\t\t\t<\/dt>\n\t\t\t\t<dd class='wp-caption-text gallery-caption' id='gallery-2-1103'>\n\t\t\t\t\u201cLa Pol\u00edtica y el Esp\u00edritu\u201d. Pr\u00f3logo de Gabriela Mistral. 1940.\n\t\t\t\t<\/dd><\/dl><dl class='gallery-item'>\n\t\t\t<dt class='gallery-icon landscape'>\n\t\t\t\t<a href='https:\/\/www.casamuseoeduardofrei.cl\/wp-content\/uploads\/2015\/01\/libro3.jpg' title=\"\" data-rl_title=\"\" class=\"rl-gallery-link\" data-rl_caption=\"\" data-rel=\"lightbox-gallery-2\"><img loading=\"lazy\" decoding=\"async\" width=\"150\" height=\"150\" src=\"https:\/\/www.casamuseoeduardofrei.cl\/wp-content\/uploads\/2015\/01\/libro3-150x150.jpg\" class=\"attachment-thumbnail size-thumbnail\" alt=\"\" aria-describedby=\"gallery-2-1097\" srcset=\"https:\/\/www.casamuseoeduardofrei.cl\/wp-content\/uploads\/2015\/01\/libro3-150x150.jpg 150w, https:\/\/www.casamuseoeduardofrei.cl\/wp-content\/uploads\/2015\/01\/libro3-300x300.jpg 300w, https:\/\/www.casamuseoeduardofrei.cl\/wp-content\/uploads\/2015\/01\/libro3.jpg 1024w\" sizes=\"auto, (max-width: 150px) 100vw, 150px\" \/><\/a>\n\t\t\t<\/dt>\n\t\t\t\t<dd class='wp-caption-text gallery-caption' id='gallery-2-1097'>\n\t\t\t\t\u201cA\u00fan es Tiempo\u201d. 1942.\n\t\t\t\t<\/dd><\/dl><br style=\"clear: both\" \/><dl class='gallery-item'>\n\t\t\t<dt class='gallery-icon landscape'>\n\t\t\t\t<a href='https:\/\/www.casamuseoeduardofrei.cl\/wp-content\/uploads\/2015\/01\/libro14.jpg' title=\"\" data-rl_title=\"\" class=\"rl-gallery-link\" data-rl_caption=\"\" data-rel=\"lightbox-gallery-2\"><img loading=\"lazy\" decoding=\"async\" width=\"150\" height=\"150\" src=\"https:\/\/www.casamuseoeduardofrei.cl\/wp-content\/uploads\/2015\/01\/libro14-150x150.jpg\" class=\"attachment-thumbnail size-thumbnail\" alt=\"\" aria-describedby=\"gallery-2-1108\" srcset=\"https:\/\/www.casamuseoeduardofrei.cl\/wp-content\/uploads\/2015\/01\/libro14-150x150.jpg 150w, https:\/\/www.casamuseoeduardofrei.cl\/wp-content\/uploads\/2015\/01\/libro14-300x300.jpg 300w, https:\/\/www.casamuseoeduardofrei.cl\/wp-content\/uploads\/2015\/01\/libro14.jpg 1024w\" sizes=\"auto, (max-width: 150px) 100vw, 150px\" \/><\/a>\n\t\t\t<\/dt>\n\t\t\t\t<dd class='wp-caption-text gallery-caption' id='gallery-2-1108'>\n\t\t\t\t\u201cSentido y Forma de una Pol\u00edtica\u201d. 1951.\n\t\t\t\t<\/dd><\/dl><dl class='gallery-item'>\n\t\t\t<dt class='gallery-icon landscape'>\n\t\t\t\t<a href='https:\/\/www.casamuseoeduardofrei.cl\/wp-content\/uploads\/2015\/01\/libro10.jpg' title=\"\" data-rl_title=\"\" class=\"rl-gallery-link\" data-rl_caption=\"\" data-rel=\"lightbox-gallery-2\"><img loading=\"lazy\" decoding=\"async\" width=\"150\" height=\"150\" src=\"https:\/\/www.casamuseoeduardofrei.cl\/wp-content\/uploads\/2015\/01\/libro10-150x150.jpg\" class=\"attachment-thumbnail size-thumbnail\" alt=\"\" aria-describedby=\"gallery-2-1104\" srcset=\"https:\/\/www.casamuseoeduardofrei.cl\/wp-content\/uploads\/2015\/01\/libro10-150x150.jpg 150w, https:\/\/www.casamuseoeduardofrei.cl\/wp-content\/uploads\/2015\/01\/libro10-300x300.jpg 300w, https:\/\/www.casamuseoeduardofrei.cl\/wp-content\/uploads\/2015\/01\/libro10.jpg 1024w\" sizes=\"auto, (max-width: 150px) 100vw, 150px\" \/><\/a>\n\t\t\t<\/dt>\n\t\t\t\t<dd class='wp-caption-text gallery-caption' id='gallery-2-1104'>\n\t\t\t\t\u201cLa Verdad tiene su Hora\u201d. 1955.\n\t\t\t\t<\/dd><\/dl><dl class='gallery-item'>\n\t\t\t<dt class='gallery-icon landscape'>\n\t\t\t\t<a href='https:\/\/www.casamuseoeduardofrei.cl\/wp-content\/uploads\/2015\/01\/libro13.jpg' title=\"\" data-rl_title=\"\" class=\"rl-gallery-link\" data-rl_caption=\"\" data-rel=\"lightbox-gallery-2\"><img loading=\"lazy\" decoding=\"async\" width=\"150\" height=\"150\" src=\"https:\/\/www.casamuseoeduardofrei.cl\/wp-content\/uploads\/2015\/01\/libro13-150x150.jpg\" class=\"attachment-thumbnail size-thumbnail\" alt=\"\" aria-describedby=\"gallery-2-1107\" srcset=\"https:\/\/www.casamuseoeduardofrei.cl\/wp-content\/uploads\/2015\/01\/libro13-150x150.jpg 150w, https:\/\/www.casamuseoeduardofrei.cl\/wp-content\/uploads\/2015\/01\/libro13-300x300.jpg 300w, https:\/\/www.casamuseoeduardofrei.cl\/wp-content\/uploads\/2015\/01\/libro13.jpg 1024w\" sizes=\"auto, (max-width: 150px) 100vw, 150px\" \/><\/a>\n\t\t\t<\/dt>\n\t\t\t\t<dd class='wp-caption-text gallery-caption' id='gallery-2-1107'>\n\t\t\t\t\u201cPensamiento y Acci\u00f3n\u201d. 1956.\n\t\t\t\t<\/dd><\/dl><dl class='gallery-item'>\n\t\t\t<dt class='gallery-icon landscape'>\n\t\t\t\t<a href='https:\/\/www.casamuseoeduardofrei.cl\/wp-content\/uploads\/2015\/01\/libro11.jpg' title=\"\" data-rl_title=\"\" class=\"rl-gallery-link\" data-rl_caption=\"\" data-rel=\"lightbox-gallery-2\"><img loading=\"lazy\" decoding=\"async\" width=\"150\" height=\"150\" src=\"https:\/\/www.casamuseoeduardofrei.cl\/wp-content\/uploads\/2015\/01\/libro11-150x150.jpg\" class=\"attachment-thumbnail size-thumbnail\" alt=\"\" aria-describedby=\"gallery-2-1105\" srcset=\"https:\/\/www.casamuseoeduardofrei.cl\/wp-content\/uploads\/2015\/01\/libro11-150x150.jpg 150w, https:\/\/www.casamuseoeduardofrei.cl\/wp-content\/uploads\/2015\/01\/libro11-300x300.jpg 300w, https:\/\/www.casamuseoeduardofrei.cl\/wp-content\/uploads\/2015\/01\/libro11.jpg 1024w\" sizes=\"auto, (max-width: 150px) 100vw, 150px\" \/><\/a>\n\t\t\t<\/dt>\n\t\t\t\t<dd class='wp-caption-text gallery-caption' id='gallery-2-1105'>\n\t\t\t\t\u201cMaritain entre nosotros\u201d. Coautor\u00eda con Ismael Bustos. 1964.\n\t\t\t\t<\/dd><\/dl><br style=\"clear: both\" \/><dl class='gallery-item'>\n\t\t\t<dt class='gallery-icon landscape'>\n\t\t\t\t<a href='https:\/\/www.casamuseoeduardofrei.cl\/wp-content\/uploads\/2015\/01\/libro1.jpg' title=\"\" data-rl_title=\"\" class=\"rl-gallery-link\" data-rl_caption=\"\" data-rel=\"lightbox-gallery-2\"><img loading=\"lazy\" decoding=\"async\" width=\"150\" height=\"150\" src=\"https:\/\/www.casamuseoeduardofrei.cl\/wp-content\/uploads\/2015\/01\/libro1-150x150.jpg\" class=\"attachment-thumbnail size-thumbnail\" alt=\"\" aria-describedby=\"gallery-2-1095\" srcset=\"https:\/\/www.casamuseoeduardofrei.cl\/wp-content\/uploads\/2015\/01\/libro1-150x150.jpg 150w, https:\/\/www.casamuseoeduardofrei.cl\/wp-content\/uploads\/2015\/01\/libro1-300x300.jpg 300w, https:\/\/www.casamuseoeduardofrei.cl\/wp-content\/uploads\/2015\/01\/libro1.jpg 1024w\" sizes=\"auto, (max-width: 150px) 100vw, 150px\" \/><\/a>\n\t\t\t<\/dt>\n\t\t\t\t<dd class='wp-caption-text gallery-caption' id='gallery-2-1095'>\n\t\t\t\t\u201cAm\u00e9rica Latina tiene un Destino\u201d. 1967.\n\t\t\t\t<\/dd><\/dl><dl class='gallery-item'>\n\t\t\t<dt class='gallery-icon landscape'>\n\t\t\t\t<a href='https:\/\/www.casamuseoeduardofrei.cl\/wp-content\/uploads\/2015\/01\/libro15.jpg' title=\"\" data-rl_title=\"\" class=\"rl-gallery-link\" data-rl_caption=\"\" data-rel=\"lightbox-gallery-2\"><img loading=\"lazy\" decoding=\"async\" width=\"150\" height=\"150\" src=\"https:\/\/www.casamuseoeduardofrei.cl\/wp-content\/uploads\/2015\/01\/libro15-150x150.jpg\" class=\"attachment-thumbnail size-thumbnail\" alt=\"\" aria-describedby=\"gallery-2-1109\" srcset=\"https:\/\/www.casamuseoeduardofrei.cl\/wp-content\/uploads\/2015\/01\/libro15-150x150.jpg 150w, https:\/\/www.casamuseoeduardofrei.cl\/wp-content\/uploads\/2015\/01\/libro15-300x300.jpg 300w, https:\/\/www.casamuseoeduardofrei.cl\/wp-content\/uploads\/2015\/01\/libro15.jpg 1024w\" sizes=\"auto, (max-width: 150px) 100vw, 150px\" \/><\/a>\n\t\t\t<\/dt>\n\t\t\t\t<dd class='wp-caption-text gallery-caption' id='gallery-2-1109'>\n\t\t\t\t\u201cUn Nuevo Mundo\u201d. 1973.\n\t\t\t\t<\/dd><\/dl><dl class='gallery-item'>\n\t\t\t<dt class='gallery-icon landscape'>\n\t\t\t\t<a href='https:\/\/www.casamuseoeduardofrei.cl\/wp-content\/uploads\/2015\/01\/libro4.jpg' title=\"\" data-rl_title=\"\" class=\"rl-gallery-link\" data-rl_caption=\"\" data-rel=\"lightbox-gallery-2\"><img loading=\"lazy\" decoding=\"async\" width=\"150\" height=\"150\" src=\"https:\/\/www.casamuseoeduardofrei.cl\/wp-content\/uploads\/2015\/01\/libro4-150x150.jpg\" class=\"attachment-thumbnail size-thumbnail\" alt=\"\" aria-describedby=\"gallery-2-1098\" srcset=\"https:\/\/www.casamuseoeduardofrei.cl\/wp-content\/uploads\/2015\/01\/libro4-150x150.jpg 150w, https:\/\/www.casamuseoeduardofrei.cl\/wp-content\/uploads\/2015\/01\/libro4-300x300.jpg 300w, https:\/\/www.casamuseoeduardofrei.cl\/wp-content\/uploads\/2015\/01\/libro4.jpg 1024w\" sizes=\"auto, (max-width: 150px) 100vw, 150px\" \/><\/a>\n\t\t\t<\/dt>\n\t\t\t\t<dd class='wp-caption-text gallery-caption' id='gallery-2-1098'>\n\t\t\t\t\u201cEl Mandato de la Historia y Exigencias del Porvenir\u201d1975.\n\t\t\t\t<\/dd><\/dl><dl class='gallery-item'>\n\t\t\t<dt class='gallery-icon landscape'>\n\t\t\t\t<a href='https:\/\/www.casamuseoeduardofrei.cl\/wp-content\/uploads\/2015\/01\/libro8.jpg' title=\"\" data-rl_title=\"\" class=\"rl-gallery-link\" data-rl_caption=\"\" data-rel=\"lightbox-gallery-2\"><img loading=\"lazy\" decoding=\"async\" width=\"150\" height=\"150\" src=\"https:\/\/www.casamuseoeduardofrei.cl\/wp-content\/uploads\/2015\/01\/libro8-150x150.jpg\" class=\"attachment-thumbnail size-thumbnail\" alt=\"\" aria-describedby=\"gallery-2-1102\" srcset=\"https:\/\/www.casamuseoeduardofrei.cl\/wp-content\/uploads\/2015\/01\/libro8-150x150.jpg 150w, https:\/\/www.casamuseoeduardofrei.cl\/wp-content\/uploads\/2015\/01\/libro8-300x300.jpg 300w, https:\/\/www.casamuseoeduardofrei.cl\/wp-content\/uploads\/2015\/01\/libro8.jpg 1024w\" sizes=\"auto, (max-width: 150px) 100vw, 150px\" \/><\/a>\n\t\t\t<\/dt>\n\t\t\t\t<dd class='wp-caption-text gallery-caption' id='gallery-2-1102'>\n\t\t\t\t\u201cHumanismo, democracia y desarrollo\u201d. 1975.\n\t\t\t\t<\/dd><\/dl><br style=\"clear: both\" \/><dl class='gallery-item'>\n\t\t\t<dt class='gallery-icon landscape'>\n\t\t\t\t<a href='https:\/\/www.casamuseoeduardofrei.cl\/wp-content\/uploads\/2015\/01\/libro7.jpg' title=\"\" data-rl_title=\"\" class=\"rl-gallery-link\" data-rl_caption=\"\" data-rel=\"lightbox-gallery-2\"><img loading=\"lazy\" decoding=\"async\" width=\"150\" height=\"150\" src=\"https:\/\/www.casamuseoeduardofrei.cl\/wp-content\/uploads\/2015\/01\/libro7-150x150.jpg\" class=\"attachment-thumbnail size-thumbnail\" alt=\"\" aria-describedby=\"gallery-2-1101\" srcset=\"https:\/\/www.casamuseoeduardofrei.cl\/wp-content\/uploads\/2015\/01\/libro7-150x150.jpg 150w, https:\/\/www.casamuseoeduardofrei.cl\/wp-content\/uploads\/2015\/01\/libro7-300x300.jpg 300w, https:\/\/www.casamuseoeduardofrei.cl\/wp-content\/uploads\/2015\/01\/libro7.jpg 1024w\" sizes=\"auto, (max-width: 150px) 100vw, 150px\" \/><\/a>\n\t\t\t<\/dt>\n\t\t\t\t<dd class='wp-caption-text gallery-caption' id='gallery-2-1101'>\n\t\t\t\t\u201cFutura Institucionalidad para la Paz en Chile\u201d. 1977. \n\t\t\t\t<\/dd><\/dl><dl class='gallery-item'>\n\t\t\t<dt class='gallery-icon landscape'>\n\t\t\t\t<a href='https:\/\/www.casamuseoeduardofrei.cl\/wp-content\/uploads\/2015\/01\/libro2.jpg' title=\"\" data-rl_title=\"\" class=\"rl-gallery-link\" data-rl_caption=\"\" data-rel=\"lightbox-gallery-2\"><img loading=\"lazy\" decoding=\"async\" width=\"150\" height=\"150\" src=\"https:\/\/www.casamuseoeduardofrei.cl\/wp-content\/uploads\/2015\/01\/libro2-150x150.jpg\" class=\"attachment-thumbnail size-thumbnail\" alt=\"\" aria-describedby=\"gallery-2-1096\" srcset=\"https:\/\/www.casamuseoeduardofrei.cl\/wp-content\/uploads\/2015\/01\/libro2-150x150.jpg 150w, https:\/\/www.casamuseoeduardofrei.cl\/wp-content\/uploads\/2015\/01\/libro2-300x300.jpg 300w, https:\/\/www.casamuseoeduardofrei.cl\/wp-content\/uploads\/2015\/01\/libro2.jpg 1024w\" sizes=\"auto, (max-width: 150px) 100vw, 150px\" \/><\/a>\n\t\t\t<\/dt>\n\t\t\t\t<dd class='wp-caption-text gallery-caption' id='gallery-2-1096'>\n\t\t\t\t\u201cAm\u00e9rica Latina, Opci\u00f3n y Esperanza\u201d. 1977.\n\t\t\t\t<\/dd><\/dl><dl class='gallery-item'>\n\t\t\t<dt class='gallery-icon landscape'>\n\t\t\t\t<a href='https:\/\/www.casamuseoeduardofrei.cl\/wp-content\/uploads\/2015\/01\/libro5.jpg' title=\"\" data-rl_title=\"\" class=\"rl-gallery-link\" data-rl_caption=\"\" data-rel=\"lightbox-gallery-2\"><img loading=\"lazy\" decoding=\"async\" width=\"150\" height=\"150\" src=\"https:\/\/www.casamuseoeduardofrei.cl\/wp-content\/uploads\/2015\/01\/libro5-150x150.jpg\" class=\"attachment-thumbnail size-thumbnail\" alt=\"\" aria-describedby=\"gallery-2-1099\" srcset=\"https:\/\/www.casamuseoeduardofrei.cl\/wp-content\/uploads\/2015\/01\/libro5-150x150.jpg 150w, https:\/\/www.casamuseoeduardofrei.cl\/wp-content\/uploads\/2015\/01\/libro5-300x300.jpg 300w, https:\/\/www.casamuseoeduardofrei.cl\/wp-content\/uploads\/2015\/01\/libro5.jpg 1024w\" sizes=\"auto, (max-width: 150px) 100vw, 150px\" \/><\/a>\n\t\t\t<\/dt>\n\t\t\t\t<dd class='wp-caption-text gallery-caption' id='gallery-2-1099'>\n\t\t\t\t\u201cEl Mensaje Humanista\u201d. 1981.\n\t\t\t\t<\/dd><\/dl><dl class='gallery-item'>\n\t\t\t<dt class='gallery-icon landscape'>\n\t\t\t\t<a href='https:\/\/www.casamuseoeduardofrei.cl\/wp-content\/uploads\/2015\/01\/libro12.jpg' title=\"\" data-rl_title=\"\" class=\"rl-gallery-link\" data-rl_caption=\"\" data-rel=\"lightbox-gallery-2\"><img loading=\"lazy\" decoding=\"async\" width=\"150\" height=\"150\" src=\"https:\/\/www.casamuseoeduardofrei.cl\/wp-content\/uploads\/2015\/01\/libro12-150x150.jpg\" class=\"attachment-thumbnail size-thumbnail\" alt=\"\" aria-describedby=\"gallery-2-1106\" srcset=\"https:\/\/www.casamuseoeduardofrei.cl\/wp-content\/uploads\/2015\/01\/libro12-150x150.jpg 150w, https:\/\/www.casamuseoeduardofrei.cl\/wp-content\/uploads\/2015\/01\/libro12-300x300.jpg 300w, https:\/\/www.casamuseoeduardofrei.cl\/wp-content\/uploads\/2015\/01\/libro12.jpg 1024w\" sizes=\"auto, (max-width: 150px) 100vw, 150px\" \/><\/a>\n\t\t\t<\/dt>\n\t\t\t\t<dd class='wp-caption-text gallery-caption' id='gallery-2-1106'>\n\t\t\t\t\u201cMemorias\u201d. 1989.\n\t\t\t\t<\/dd><\/dl><br style=\"clear: both\" \/>\n\t\t<\/div>\n<\/p>","protected":false},"excerpt":{"rendered":"","protected":false},"author":4,"featured_media":0,"parent":34,"menu_order":4,"comment_status":"open","ping_status":"open","template":"","meta":{"_acf_changed":false,"footnotes":""},"class_list":["post-129","page","type-page","status-publish","hentry"],"acf":[],"_links":{"self":[{"href":"https:\/\/www.casamuseoeduardofrei.cl\/en\/wp-json\/wp\/v2\/pages\/129","targetHints":{"allow":["GET"]}}],"collection":[{"href":"https:\/\/www.casamuseoeduardofrei.cl\/en\/wp-json\/wp\/v2\/pages"}],"about":[{"href":"https:\/\/www.casamuseoeduardofrei.cl\/en\/wp-json\/wp\/v2\/types\/page"}],"author":[{"embeddable":true,"href":"https:\/\/www.casamuseoeduardofrei.cl\/en\/wp-json\/wp\/v2\/users\/4"}],"replies":[{"embeddable":true,"href":"https:\/\/www.casamuseoeduardofrei.cl\/en\/wp-json\/wp\/v2\/comments?post=129"}],"version-history":[{"count":2,"href":"https:\/\/www.casamuseoeduardofrei.cl\/en\/wp-json\/wp\/v2\/pages\/129\/revisions"}],"predecessor-version":[{"id":13165,"href":"https:\/\/www.casamuseoeduardofrei.cl\/en\/wp-json\/wp\/v2\/pages\/129\/revisions\/13165"}],"up":[{"embeddable":true,"href":"https:\/\/www.casamuseoeduardofrei.cl\/en\/wp-json\/wp\/v2\/pages\/34"}],"wp:attachment":[{"href":"https:\/\/www.casamuseoeduardofrei.cl\/en\/wp-json\/wp\/v2\/media?parent=129"}],"curies":[{"name":"wp","href":"https:\/\/api.w.org\/{rel}","templated":true}]}}