{"id":126,"date":"2015-01-28T15:12:47","date_gmt":"2015-01-28T15:12:47","guid":{"rendered":"http:\/\/www.casamuseoeduardofrei.cl\/eduardo-frei-montalva\/documentos\/discursos\/"},"modified":"2018-07-04T14:15:50","modified_gmt":"2018-07-04T17:15:50","slug":"discursos","status":"publish","type":"page","link":"https:\/\/www.casamuseoeduardofrei.cl\/en\/eduardo-frei-montalva\/documentos\/discursos\/","title":{"rendered":"Discursos"},"content":{"rendered":"<p><div class=\"ezcol ezcol-one-half\"><strong>Condiciones de Uso<\/strong><\/p>\n<p><strong>Documentos para usos educativos, acad\u00e9micos y presentaciones no comerciales.<\/strong><\/p>\n<p>Los documentos se encuentran disponibles para descarga directa con fines de usos educativos y acad\u00e9micos (estudiantes y docentes) y presentaciones no comerciales, con la sola condici\u00f3n de incluir como cr\u00e9dito: \u201cDocumento Gentileza de CMEFM\u201d.<\/p>\n<p>Los documentos se encuentran disponibles en formato PDF.<\/p>\n<p><strong><\/div><div class=\"ezcol ezcol-one-half ezcol-last\">Copyright<br \/>\n<\/strong>Todos los documentos disponibles en el sitio web de Casa Museo Eduardo Frei Montalva est\u00e1n protegidos por la Ley de Propiedad intelectual.<\/p>\n<p><strong>Documentos para usos profesionales<\/strong><\/p>\n<p>Para m\u00e1s informaci\u00f3n puede contactarse a trav\u00e9s del correo <a href=\"mailto:contacto@casamuseoeduardofrei.cl\">contacto@casamuseoeduardofrei.cl<\/a> especificando:<\/p>\n<ul>\n<li>Intenci\u00f3n de uso de las im\u00e1genes de modo amplio y correcto.<\/li>\n<li>El n\u00famero de identificaci\u00f3n de las im\u00e1genes.<\/li>\n<\/ul>\n<\/div><div class=\"ezcol-divider\"><\/div><\/p>","protected":false},"excerpt":{"rendered":"","protected":false},"author":4,"featured_media":0,"parent":34,"menu_order":1,"comment_status":"open","ping_status":"open","template":"","meta":{"_acf_changed":false,"footnotes":""},"class_list":["post-126","page","type-page","status-publish","hentry"],"acf":[],"_links":{"self":[{"href":"https:\/\/www.casamuseoeduardofrei.cl\/en\/wp-json\/wp\/v2\/pages\/126","targetHints":{"allow":["GET"]}}],"collection":[{"href":"https:\/\/www.casamuseoeduardofrei.cl\/en\/wp-json\/wp\/v2\/pages"}],"about":[{"href":"https:\/\/www.casamuseoeduardofrei.cl\/en\/wp-json\/wp\/v2\/types\/page"}],"author":[{"embeddable":true,"href":"https:\/\/www.casamuseoeduardofrei.cl\/en\/wp-json\/wp\/v2\/users\/4"}],"replies":[{"embeddable":true,"href":"https:\/\/www.casamuseoeduardofrei.cl\/en\/wp-json\/wp\/v2\/comments?post=126"}],"version-history":[{"count":1,"href":"https:\/\/www.casamuseoeduardofrei.cl\/en\/wp-json\/wp\/v2\/pages\/126\/revisions"}],"predecessor-version":[{"id":13160,"href":"https:\/\/www.casamuseoeduardofrei.cl\/en\/wp-json\/wp\/v2\/pages\/126\/revisions\/13160"}],"up":[{"embeddable":true,"href":"https:\/\/www.casamuseoeduardofrei.cl\/en\/wp-json\/wp\/v2\/pages\/34"}],"wp:attachment":[{"href":"https:\/\/www.casamuseoeduardofrei.cl\/en\/wp-json\/wp\/v2\/media?parent=126"}],"curies":[{"name":"wp","href":"https:\/\/api.w.org\/{rel}","templated":true}]}}